{"id":2,"date":"2024-05-29T08:02:41","date_gmt":"2024-05-29T06:02:41","guid":{"rendered":"https:\/\/ideen-streifzug.art\/WP\/?page_id=2"},"modified":"2026-04-15T15:50:46","modified_gmt":"2026-04-15T13:50:46","slug":"gemeinsam-kreativ","status":"publish","type":"page","link":"https:\/\/ideen-streifzug.art\/WP\/gemeinsam-kreativ\/","title":{"rendered":"Workshops"},"content":{"rendered":"\n<h2 class=\"wp-block-heading has-accent-3-color has-text-color has-link-color wp-elements-3d02dd2f748c25a825332612342488ca\">Gemeinsam aktiv kreativ sein<\/h2>\n\n\n\n<p>Wenn ihr lieber in der Gruppe werkeln m\u00f6chtet oder Hilfe beim Einstieg <br>ins manuelle Arbeiten sucht, k\u00f6nnt ihr einen Workshop bei mir buchen. <br>Unter Anleitung sammelt ihr gemeinsame Erfahrungen und tauscht euch miteinander aus. Es sind keine Vorkenntnisse und Erfahrungen n\u00f6tig, <br>es geht um den Spa\u00df im Umgang mit Farben und Materialien. Jeder arbeitet nach seinem Tempo, zwischendurch machen wir Pause und essen gem\u00fctlich zusammen.<\/p>\n\n\n\n<figure class=\"wp-block-image size-full\"><img loading=\"lazy\" decoding=\"async\" width=\"1500\" height=\"756\" src=\"https:\/\/ideen-streifzug.art\/WP\/wp-content\/uploads\/2024\/07\/Nr04.jpg\" alt=\"\" class=\"wp-image-27\" srcset=\"https:\/\/ideen-streifzug.art\/WP\/wp-content\/uploads\/2024\/07\/Nr04.jpg 1500w, https:\/\/ideen-streifzug.art\/WP\/wp-content\/uploads\/2024\/07\/Nr04-300x151.jpg 300w, https:\/\/ideen-streifzug.art\/WP\/wp-content\/uploads\/2024\/07\/Nr04-1024x516.jpg 1024w, https:\/\/ideen-streifzug.art\/WP\/wp-content\/uploads\/2024\/07\/Nr04-768x387.jpg 768w\" sizes=\"auto, (max-width: 1500px) 100vw, 1500px\" \/><\/figure>\n\n\n\n<p>In Anlehnung an mein Buch \u00bbIdeen-Streifzug\u00ab stehen viele verschiedene Materialien zur Auswahl. Ihr k\u00f6nnt einen Themenworkshop w\u00e4hlen oder mit<br>allem arbeiten, worauf ihr Lust habt.<\/p>\n\n\n\n<div class=\"wp-block-columns is-layout-flex wp-container-core-columns-is-layout-28f84493 wp-block-columns-is-layout-flex\">\n<div class=\"wp-block-column is-layout-flow wp-block-column-is-layout-flow\">\n<figure data-wp-context=\"{&quot;imageId&quot;:&quot;69f31c70c417d&quot;}\" data-wp-interactive=\"core\/image\" data-wp-key=\"69f31c70c417d\" class=\"wp-block-image size-full wp-lightbox-container\"><img loading=\"lazy\" decoding=\"async\" width=\"1500\" height=\"1500\" data-wp-class--hide=\"state.isContentHidden\" data-wp-class--show=\"state.isContentVisible\" data-wp-init=\"callbacks.setButtonStyles\" data-wp-on--click=\"actions.showLightbox\" data-wp-on--load=\"callbacks.setButtonStyles\" data-wp-on-window--resize=\"callbacks.setButtonStyles\" src=\"https:\/\/ideen-streifzug.art\/WP\/wp-content\/uploads\/2024\/07\/Nr05.jpg\" alt=\"\" class=\"wp-image-28\" srcset=\"https:\/\/ideen-streifzug.art\/WP\/wp-content\/uploads\/2024\/07\/Nr05.jpg 1500w, https:\/\/ideen-streifzug.art\/WP\/wp-content\/uploads\/2024\/07\/Nr05-300x300.jpg 300w, https:\/\/ideen-streifzug.art\/WP\/wp-content\/uploads\/2024\/07\/Nr05-1024x1024.jpg 1024w, https:\/\/ideen-streifzug.art\/WP\/wp-content\/uploads\/2024\/07\/Nr05-150x150.jpg 150w, https:\/\/ideen-streifzug.art\/WP\/wp-content\/uploads\/2024\/07\/Nr05-768x768.jpg 768w\" sizes=\"auto, (max-width: 1500px) 100vw, 1500px\" \/><button\n\t\t\tclass=\"lightbox-trigger\"\n\t\t\ttype=\"button\"\n\t\t\taria-haspopup=\"dialog\"\n\t\t\taria-label=\"Vergr\u00f6\u00dfern\"\n\t\t\tdata-wp-init=\"callbacks.initTriggerButton\"\n\t\t\tdata-wp-on--click=\"actions.showLightbox\"\n\t\t\tdata-wp-style--right=\"state.imageButtonRight\"\n\t\t\tdata-wp-style--top=\"state.imageButtonTop\"\n\t\t>\n\t\t\t<svg xmlns=\"http:\/\/www.w3.org\/2000\/svg\" width=\"12\" height=\"12\" fill=\"none\" viewBox=\"0 0 12 12\">\n\t\t\t\t<path fill=\"#fff\" d=\"M2 0a2 2 0 0 0-2 2v2h1.5V2a.5.5 0 0 1 .5-.5h2V0H2Zm2 10.5H2a.5.5 0 0 1-.5-.5V8H0v2a2 2 0 0 0 2 2h2v-1.5ZM8 12v-1.5h2a.5.5 0 0 0 .5-.5V8H12v2a2 2 0 0 1-2 2H8Zm2-12a2 2 0 0 1 2 2v2h-1.5V2a.5.5 0 0 0-.5-.5H8V0h2Z\" \/>\n\t\t\t<\/svg>\n\t\t<\/button><\/figure>\n<\/div>\n<\/div>\n\n\n\n<p>Die Kurse sind f\u00fcr Erwachsenengruppen (Familie, Freunde, Kollegen) mit vier Personen geeignet, die gerne etwas Neues ausprobieren und \u00fcber die Materialien einen besonderen Zugang zur Natur finden m\u00f6chten. So ein Workshop ist eine sch\u00f6ne Geschenkidee f\u00fcr ein gemeinsames Erlebnis! <br><br>Auf Wunsch k\u00f6nnt ihr am Freitagnachmittag einen Streifzug durch die Natur dazu buchen. Auf dem gemeinsamen Spaziergang halten wir Ausschau nach Materialien und Besonderheiten am Wegesrand und ich gebe Tipps zu Fundst\u00fccken oder Fotomotiven. Die L\u00e4nge der Strecke passe ich eurer Kondition an.<\/p>\n\n\n\n<p class=\"has-contrast-color has-text-color has-link-color wp-elements-a8b85612b02756bc8c804b669f339663\"><strong>Kursgeb\u00fchr:<\/strong> <br><strong>6-Stunden-Kurs<\/strong> (in der Regel samstags von 10 bis 16 Uhr) inkl. <br>Anleitungen, Materialien und Pausenverpflegung &#8211; 75,00 \u20ac p.P.<br><strong>Sonderpreis Buch + Workshop<\/strong>: 100,00 \u20ac<br><\/p>\n\n\n\n<p class=\"has-accent-3-color has-text-color has-link-color has-medium-font-size wp-elements-fb69c2a26342d6c5c2ddda5f538e3823\"><strong>Da die meisten Interessenten nach individuellen Terminen anfragen,<br>biete ich aktuell keine festen Termine an. Bitte melde dich, damit<br>wir uns absprechen k\u00f6nnen.<\/strong><\/p>\n\n\n\n<p class=\"has-contrast-color has-text-color has-link-color has-medium-font-size wp-elements-0746ca1f33c724a009a63cfe0354553a\"><strong>Anmeldung:<\/strong><br>Per Mail: info@ideen-streifzug.art<br>Telefonisch: 0171-6400937<\/p>\n\n\n\n<p><\/p>\n\n\n\n<p><\/p>\n\n\n\n<p><\/p>\n\n\n\n<p><\/p>\n\n\n\n<p><\/p>\n\n\n\n<p><\/p>\n\n\n\n<p><\/p>\n\n\n\n<blockquote class=\"wp-block-quote is-layout-flow wp-block-quote-is-layout-flow\">\n<p><\/p>\n<\/blockquote>\n","protected":false},"excerpt":{"rendered":"<p>Gemeinsam aktiv kreativ sein Wenn ihr lieber in der Gruppe werkeln m\u00f6chtet oder Hilfe beim Einstieg ins manuelle Arbeiten sucht, k\u00f6nnt ihr einen Workshop bei mir buchen. Unter Anleitung sammelt ihr gemeinsame Erfahrungen und tauscht euch miteinander aus. Es sind keine Vorkenntnisse und Erfahrungen n\u00f6tig, es geht um den Spa\u00df im Umgang mit Farben und [&hellip;]<\/p>\n","protected":false},"author":1,"featured_media":0,"parent":0,"menu_order":0,"comment_status":"closed","ping_status":"open","template":"","meta":{"footnotes":""},"class_list":["post-2","page","type-page","status-publish","hentry"],"_links":{"self":[{"href":"https:\/\/ideen-streifzug.art\/WP\/wp-json\/wp\/v2\/pages\/2","targetHints":{"allow":["GET"]}}],"collection":[{"href":"https:\/\/ideen-streifzug.art\/WP\/wp-json\/wp\/v2\/pages"}],"about":[{"href":"https:\/\/ideen-streifzug.art\/WP\/wp-json\/wp\/v2\/types\/page"}],"author":[{"embeddable":true,"href":"https:\/\/ideen-streifzug.art\/WP\/wp-json\/wp\/v2\/users\/1"}],"replies":[{"embeddable":true,"href":"https:\/\/ideen-streifzug.art\/WP\/wp-json\/wp\/v2\/comments?post=2"}],"version-history":[{"count":46,"href":"https:\/\/ideen-streifzug.art\/WP\/wp-json\/wp\/v2\/pages\/2\/revisions"}],"predecessor-version":[{"id":305,"href":"https:\/\/ideen-streifzug.art\/WP\/wp-json\/wp\/v2\/pages\/2\/revisions\/305"}],"wp:attachment":[{"href":"https:\/\/ideen-streifzug.art\/WP\/wp-json\/wp\/v2\/media?parent=2"}],"curies":[{"name":"wp","href":"https:\/\/api.w.org\/{rel}","templated":true}]}}