{"id":200,"date":"2025-06-12T11:58:15","date_gmt":"2025-06-12T09:58:15","guid":{"rendered":"https:\/\/ideen-streifzug.art\/WP\/?page_id=200"},"modified":"2025-07-21T12:03:45","modified_gmt":"2025-07-21T10:03:45","slug":"impressionen","status":"publish","type":"page","link":"https:\/\/ideen-streifzug.art\/WP\/impressionen\/","title":{"rendered":"Impressionen"},"content":{"rendered":"\n<p><strong>Alles, was ich auf M\u00e4rkten anbiete, k\u00f6nnt ihr in meinen Workshops selbst erstellen! Die Materialien liegen f\u00fcr euch bereit.<\/strong><\/p>\n\n\n\n<p><\/p>\n","protected":false},"excerpt":{"rendered":"<p>Alles, was ich auf M\u00e4rkten anbiete, k\u00f6nnt ihr in meinen Workshops selbst erstellen! Die Materialien liegen f\u00fcr euch bereit.<\/p>\n","protected":false},"author":1,"featured_media":203,"parent":0,"menu_order":0,"comment_status":"closed","ping_status":"closed","template":"","meta":{"footnotes":""},"class_list":["post-200","page","type-page","status-publish","has-post-thumbnail","hentry"],"_links":{"self":[{"href":"https:\/\/ideen-streifzug.art\/WP\/wp-json\/wp\/v2\/pages\/200","targetHints":{"allow":["GET"]}}],"collection":[{"href":"https:\/\/ideen-streifzug.art\/WP\/wp-json\/wp\/v2\/pages"}],"about":[{"href":"https:\/\/ideen-streifzug.art\/WP\/wp-json\/wp\/v2\/types\/page"}],"author":[{"embeddable":true,"href":"https:\/\/ideen-streifzug.art\/WP\/wp-json\/wp\/v2\/users\/1"}],"replies":[{"embeddable":true,"href":"https:\/\/ideen-streifzug.art\/WP\/wp-json\/wp\/v2\/comments?post=200"}],"version-history":[{"count":6,"href":"https:\/\/ideen-streifzug.art\/WP\/wp-json\/wp\/v2\/pages\/200\/revisions"}],"predecessor-version":[{"id":210,"href":"https:\/\/ideen-streifzug.art\/WP\/wp-json\/wp\/v2\/pages\/200\/revisions\/210"}],"wp:featuredmedia":[{"embeddable":true,"href":"https:\/\/ideen-streifzug.art\/WP\/wp-json\/wp\/v2\/media\/203"}],"wp:attachment":[{"href":"https:\/\/ideen-streifzug.art\/WP\/wp-json\/wp\/v2\/media?parent=200"}],"curies":[{"name":"wp","href":"https:\/\/api.w.org\/{rel}","templated":true}]}}