{"id":41,"date":"2024-07-30T18:54:53","date_gmt":"2024-07-30T16:54:53","guid":{"rendered":"https:\/\/ideen-streifzug.art\/WP\/?page_id=41"},"modified":"2026-04-15T16:05:36","modified_gmt":"2026-04-15T14:05:36","slug":"einstieg","status":"publish","type":"page","link":"https:\/\/ideen-streifzug.art\/WP\/","title":{"rendered":""},"content":{"rendered":"\n<p>K\u00fcnstliche Intelligenz (KI) ist derzeit in aller Munde. Es hei\u00dft, sie k\u00f6nne unter anderem auch Kunst erzeugen und somit K\u00fcnstler ersetzen. In meinem Buch \u201eIdeen-Streifzug\u201d oder in meinen Workshops findest du zahlreiche Projekte, die KI nicht ersetzen kann! Wenn du mit Gleichgesinnten aktiv kreativ bist, entstehen individuelle Dinge, \u00fcber die man sich austauschen kann. So kommst du mal wieder in eine spielerische und erholsame Mu\u00dfe, weit weg vom Alltag.<br>Vielleicht lernen wir uns bald bei einem meiner Kurse pers\u00f6nlich kennen!<br>Oder wir treffen uns auf einem der M\u00e4rkte, an denen ich teilnehme.<br>Die aktuellen Termine findest du immer hier unter &#8222;M\u00e4rkte&#8220;.<\/p>\n\n\n\n<p class=\"has-medium-font-size\"><\/p>\n\n\n\n<p class=\"has-accent-3-color has-text-color has-link-color has-medium-font-size wp-elements-3f7a4164544f6dcd3a07c42c964fc617\"><strong>Da die meisten Interessenten an einem Workshop nach individuellen Terminen fragen, biete ich aktuell keine festen Termine an. <\/strong><br><strong>Bitte melde dich, damit wir uns absprechen k\u00f6nnen.<\/strong><\/p>\n\n\n\n<p class=\"has-accent-3-color has-text-color has-link-color has-medium-font-size wp-elements-3754f061354b2ed75197cadc843b141f\"><\/p>\n\n\n\n<p class=\"has-accent-3-color has-text-color has-link-color has-medium-font-size wp-elements-3754f061354b2ed75197cadc843b141f\"><\/p>\n","protected":false},"excerpt":{"rendered":"<p>K\u00fcnstliche Intelligenz (KI) ist derzeit in aller Munde. Es hei\u00dft, sie k\u00f6nne unter anderem auch Kunst erzeugen und somit K\u00fcnstler ersetzen. In meinem Buch \u201eIdeen-Streifzug\u201d oder in meinen Workshops findest du zahlreiche Projekte, die KI nicht ersetzen kann! Wenn du mit Gleichgesinnten aktiv kreativ bist, entstehen individuelle Dinge, \u00fcber die man sich austauschen kann. So [&hellip;]<\/p>\n","protected":false},"author":1,"featured_media":308,"parent":0,"menu_order":0,"comment_status":"closed","ping_status":"closed","template":"","meta":{"footnotes":""},"class_list":["post-41","page","type-page","status-publish","has-post-thumbnail","hentry"],"_links":{"self":[{"href":"https:\/\/ideen-streifzug.art\/WP\/wp-json\/wp\/v2\/pages\/41","targetHints":{"allow":["GET"]}}],"collection":[{"href":"https:\/\/ideen-streifzug.art\/WP\/wp-json\/wp\/v2\/pages"}],"about":[{"href":"https:\/\/ideen-streifzug.art\/WP\/wp-json\/wp\/v2\/types\/page"}],"author":[{"embeddable":true,"href":"https:\/\/ideen-streifzug.art\/WP\/wp-json\/wp\/v2\/users\/1"}],"replies":[{"embeddable":true,"href":"https:\/\/ideen-streifzug.art\/WP\/wp-json\/wp\/v2\/comments?post=41"}],"version-history":[{"count":41,"href":"https:\/\/ideen-streifzug.art\/WP\/wp-json\/wp\/v2\/pages\/41\/revisions"}],"predecessor-version":[{"id":309,"href":"https:\/\/ideen-streifzug.art\/WP\/wp-json\/wp\/v2\/pages\/41\/revisions\/309"}],"wp:featuredmedia":[{"embeddable":true,"href":"https:\/\/ideen-streifzug.art\/WP\/wp-json\/wp\/v2\/media\/308"}],"wp:attachment":[{"href":"https:\/\/ideen-streifzug.art\/WP\/wp-json\/wp\/v2\/media?parent=41"}],"curies":[{"name":"wp","href":"https:\/\/api.w.org\/{rel}","templated":true}]}}