{"id":9,"date":"2024-05-29T08:10:23","date_gmt":"2024-05-29T06:10:23","guid":{"rendered":"https:\/\/ideen-streifzug.art\/WP\/?page_id=9"},"modified":"2026-03-23T15:01:07","modified_gmt":"2026-03-23T14:01:07","slug":"das-neue-buch-aus-der-region","status":"publish","type":"page","link":"https:\/\/ideen-streifzug.art\/WP\/das-neue-buch-aus-der-region\/","title":{"rendered":"Das neue Buch aus der Region"},"content":{"rendered":"\n<h2 class=\"wp-block-heading has-accent-3-color has-text-color has-link-color wp-elements-5137654d928d2706164b1947c8f9747f\">Kreativbuch und Bildband <\/h2>\n\n\n\n<p><strong>Verbringst du zu viel Zeit vor dem PC, Fernseher oder am Smartphone? Hegst du den Wunsch, ab und zu offline zu gehen und etwas Kreatives <\/strong><br><strong>zu tun?<\/strong><\/p>\n\n\n\n<figure class=\"wp-block-image size-full\"><img loading=\"lazy\" decoding=\"async\" width=\"1500\" height=\"772\" src=\"https:\/\/ideen-streifzug.art\/WP\/wp-content\/uploads\/2024\/07\/Nr01.jpg\" alt=\"\" class=\"wp-image-36\" srcset=\"https:\/\/ideen-streifzug.art\/WP\/wp-content\/uploads\/2024\/07\/Nr01.jpg 1500w, https:\/\/ideen-streifzug.art\/WP\/wp-content\/uploads\/2024\/07\/Nr01-300x154.jpg 300w, https:\/\/ideen-streifzug.art\/WP\/wp-content\/uploads\/2024\/07\/Nr01-1024x527.jpg 1024w, https:\/\/ideen-streifzug.art\/WP\/wp-content\/uploads\/2024\/07\/Nr01-768x395.jpg 768w\" sizes=\"auto, (max-width: 1500px) 100vw, 1500px\" \/><\/figure>\n\n\n\n<p>Dieses Buch hilft dir dabei. Viele kleine, farbenfrohe Projekte machen auch denen Mut, die meinen, gar nicht kreativ zu sein. Die Umsetzung der Ideen ist nicht zeitaufwendig und die Freude am Tun steht im Vordergrund.<br>Der \u00bbIdeen-Streifzug\u00ab liefert nicht nur Inspiration f\u00fcr den Spa\u00df im Umgang mit Farben und Materialien, das Buch lockt die Leser hinaus in die Natur und regt zu spannenden Entdeckungen an. Es weckt Aufmerksamkeit und f\u00f6rdert den Blick f\u00fcr das Besondere, das uns umgibt. Deshalb begeistert es auch Kinder,<br>weil es ihre sinnlichen Erfahrungen in einer zunehmend digitalisierten Welt bereichert.<\/p>\n\n\n\n<figure data-wp-context=\"{&quot;imageId&quot;:&quot;69f31c947086a&quot;}\" data-wp-interactive=\"core\/image\" data-wp-key=\"69f31c947086a\" class=\"wp-block-image size-full wp-lightbox-container\"><img loading=\"lazy\" decoding=\"async\" width=\"1500\" height=\"1069\" data-wp-class--hide=\"state.isContentHidden\" data-wp-class--show=\"state.isContentVisible\" data-wp-init=\"callbacks.setButtonStyles\" data-wp-on--click=\"actions.showLightbox\" data-wp-on--load=\"callbacks.setButtonStyles\" data-wp-on-window--resize=\"callbacks.setButtonStyles\" src=\"https:\/\/ideen-streifzug.art\/WP\/wp-content\/uploads\/2024\/07\/Nr02.jpg\" alt=\"\" class=\"wp-image-37\" srcset=\"https:\/\/ideen-streifzug.art\/WP\/wp-content\/uploads\/2024\/07\/Nr02.jpg 1500w, https:\/\/ideen-streifzug.art\/WP\/wp-content\/uploads\/2024\/07\/Nr02-300x214.jpg 300w, https:\/\/ideen-streifzug.art\/WP\/wp-content\/uploads\/2024\/07\/Nr02-1024x730.jpg 1024w, https:\/\/ideen-streifzug.art\/WP\/wp-content\/uploads\/2024\/07\/Nr02-768x547.jpg 768w\" sizes=\"auto, (max-width: 1500px) 100vw, 1500px\" \/><button\n\t\t\tclass=\"lightbox-trigger\"\n\t\t\ttype=\"button\"\n\t\t\taria-haspopup=\"dialog\"\n\t\t\taria-label=\"Vergr\u00f6\u00dfern\"\n\t\t\tdata-wp-init=\"callbacks.initTriggerButton\"\n\t\t\tdata-wp-on--click=\"actions.showLightbox\"\n\t\t\tdata-wp-style--right=\"state.imageButtonRight\"\n\t\t\tdata-wp-style--top=\"state.imageButtonTop\"\n\t\t>\n\t\t\t<svg xmlns=\"http:\/\/www.w3.org\/2000\/svg\" width=\"12\" height=\"12\" fill=\"none\" viewBox=\"0 0 12 12\">\n\t\t\t\t<path fill=\"#fff\" d=\"M2 0a2 2 0 0 0-2 2v2h1.5V2a.5.5 0 0 1 .5-.5h2V0H2Zm2 10.5H2a.5.5 0 0 1-.5-.5V8H0v2a2 2 0 0 0 2 2h2v-1.5ZM8 12v-1.5h2a.5.5 0 0 0 .5-.5V8H12v2a2 2 0 0 1-2 2H8Zm2-12a2 2 0 0 1 2 2v2h-1.5V2a.5.5 0 0 0-.5-.5H8V0h2Z\" \/>\n\t\t\t<\/svg>\n\t\t<\/button><\/figure>\n\n\n\n<p>Menschen, die den \u00bbIdeen-Streifzug\u00ab gelesen haben, berichten davon, wie sehr sie durch die sch\u00f6ne Aufmachung und Ideenf\u00fclle inspiriert wurden und dass sie nicht mehr unterwegs sein k\u00f6nnen, ohne nach besonderen Materialien oder Fotomotiven Ausschau zu halten.<br>Die Mischung aus Bildband und Kreativbuch macht den \u00bbIdeen-Streifzug\u00ab zu etwas Besonderem. Das Buch ist eine sch\u00f6ne Geschenkidee f\u00fcr Naturliebhaber und kreativ Interessierte, die darin viele neue Anregungen finden. Hier ein kleiner Einblick:<\/p>\n\n\n\n<figure data-wp-context=\"{&quot;imageId&quot;:&quot;69f31c9471500&quot;}\" data-wp-interactive=\"core\/image\" data-wp-key=\"69f31c9471500\" class=\"wp-block-image size-large is-resized wp-lightbox-container\"><img loading=\"lazy\" decoding=\"async\" width=\"985\" height=\"1024\" data-wp-class--hide=\"state.isContentHidden\" data-wp-class--show=\"state.isContentVisible\" data-wp-init=\"callbacks.setButtonStyles\" data-wp-on--click=\"actions.showLightbox\" data-wp-on--load=\"callbacks.setButtonStyles\" data-wp-on-window--resize=\"callbacks.setButtonStyles\" src=\"https:\/\/ideen-streifzug.art\/WP\/wp-content\/uploads\/2024\/07\/Nr03-1-985x1024.jpg\" alt=\"\" class=\"wp-image-69\" style=\"width:620px;height:auto\" srcset=\"https:\/\/ideen-streifzug.art\/WP\/wp-content\/uploads\/2024\/07\/Nr03-1-985x1024.jpg 985w, https:\/\/ideen-streifzug.art\/WP\/wp-content\/uploads\/2024\/07\/Nr03-1-289x300.jpg 289w, https:\/\/ideen-streifzug.art\/WP\/wp-content\/uploads\/2024\/07\/Nr03-1-768x798.jpg 768w, https:\/\/ideen-streifzug.art\/WP\/wp-content\/uploads\/2024\/07\/Nr03-1-1478x1536.jpg 1478w, https:\/\/ideen-streifzug.art\/WP\/wp-content\/uploads\/2024\/07\/Nr03-1.jpg 1500w\" sizes=\"auto, (max-width: 985px) 100vw, 985px\" \/><button\n\t\t\tclass=\"lightbox-trigger\"\n\t\t\ttype=\"button\"\n\t\t\taria-haspopup=\"dialog\"\n\t\t\taria-label=\"Vergr\u00f6\u00dfern\"\n\t\t\tdata-wp-init=\"callbacks.initTriggerButton\"\n\t\t\tdata-wp-on--click=\"actions.showLightbox\"\n\t\t\tdata-wp-style--right=\"state.imageButtonRight\"\n\t\t\tdata-wp-style--top=\"state.imageButtonTop\"\n\t\t>\n\t\t\t<svg xmlns=\"http:\/\/www.w3.org\/2000\/svg\" width=\"12\" height=\"12\" fill=\"none\" viewBox=\"0 0 12 12\">\n\t\t\t\t<path fill=\"#fff\" d=\"M2 0a2 2 0 0 0-2 2v2h1.5V2a.5.5 0 0 1 .5-.5h2V0H2Zm2 10.5H2a.5.5 0 0 1-.5-.5V8H0v2a2 2 0 0 0 2 2h2v-1.5ZM8 12v-1.5h2a.5.5 0 0 0 .5-.5V8H12v2a2 2 0 0 1-2 2H8Zm2-12a2 2 0 0 1 2 2v2h-1.5V2a.5.5 0 0 0-.5-.5H8V0h2Z\" \/>\n\t\t\t<\/svg>\n\t\t<\/button><\/figure>\n\n\n\n<p>323 Seiten<br>Buchpreis: <strong>34,80 \u20ac<\/strong> (bei Versendung zzgl. 7,50 \u20ac Versandkostenpauschale)<br><br><strong>Bestellung:<\/strong><br>Per Mail: info@ideen-streifzug.art<br>Telefonisch: 0171-6400937<br>Oder im gut sortierten Buchhandel<br>ISBN 978-3-00-077145-3<\/p>\n\n\n\n<p><\/p>\n\n\n\n<p><br><\/p>\n","protected":false},"excerpt":{"rendered":"<p>Kreativbuch und Bildband Verbringst du zu viel Zeit vor dem PC, Fernseher oder am Smartphone? Hegst du den Wunsch, ab und zu offline zu gehen und etwas Kreatives zu tun? Dieses Buch hilft dir dabei. Viele kleine, farbenfrohe Projekte machen auch denen Mut, die meinen, gar nicht kreativ zu sein. Die Umsetzung der Ideen ist [&hellip;]<\/p>\n","protected":false},"author":1,"featured_media":0,"parent":0,"menu_order":0,"comment_status":"closed","ping_status":"closed","template":"","meta":{"footnotes":""},"class_list":["post-9","page","type-page","status-publish","hentry"],"_links":{"self":[{"href":"https:\/\/ideen-streifzug.art\/WP\/wp-json\/wp\/v2\/pages\/9","targetHints":{"allow":["GET"]}}],"collection":[{"href":"https:\/\/ideen-streifzug.art\/WP\/wp-json\/wp\/v2\/pages"}],"about":[{"href":"https:\/\/ideen-streifzug.art\/WP\/wp-json\/wp\/v2\/types\/page"}],"author":[{"embeddable":true,"href":"https:\/\/ideen-streifzug.art\/WP\/wp-json\/wp\/v2\/users\/1"}],"replies":[{"embeddable":true,"href":"https:\/\/ideen-streifzug.art\/WP\/wp-json\/wp\/v2\/comments?post=9"}],"version-history":[{"count":28,"href":"https:\/\/ideen-streifzug.art\/WP\/wp-json\/wp\/v2\/pages\/9\/revisions"}],"predecessor-version":[{"id":302,"href":"https:\/\/ideen-streifzug.art\/WP\/wp-json\/wp\/v2\/pages\/9\/revisions\/302"}],"wp:attachment":[{"href":"https:\/\/ideen-streifzug.art\/WP\/wp-json\/wp\/v2\/media?parent=9"}],"curies":[{"name":"wp","href":"https:\/\/api.w.org\/{rel}","templated":true}]}}